{"id":12471,"date":"2023-08-09T07:24:22","date_gmt":"2023-08-09T07:24:22","guid":{"rendered":"https:\/\/www.bianos.com.tr\/products\/"},"modified":"2024-10-04T13:40:17","modified_gmt":"2024-10-04T13:40:17","slug":"products","status":"publish","type":"page","link":"https:\/\/www.bianos.com.tr\/en\/products\/","title":{"rendered":"Products"},"content":{"rendered":"\t\t<div data-elementor-type=\"wp-page\" data-elementor-id=\"12471\" class=\"elementor elementor-12471 elementor-12428\">\n\t\t\t\t<div class=\"elementor-element elementor-element-1a73d464 e-flex e-con-boxed e-con e-parent\" data-id=\"1a73d464\" data-element_type=\"container\" data-settings=\"{&quot;content_width&quot;:&quot;boxed&quot;}\" data-core-v316-plus=\"true\">\n\t\t\t\t\t<div class=\"e-con-inner\">\n\t\t\t\t<div class=\"elementor-element elementor-element-61a05de1 title-align--tabletleft title-align--mobilecenter title-align-left elementor-widget elementor-widget-ts-product-categories\" data-id=\"61a05de1\" data-element_type=\"widget\" data-widget_type=\"ts-product-categories.default\">\n\t\t\t\t<div class=\"elementor-widget-container\">\n\t\t\t\t\t\t<div class=\"ts-product-category-wrapper ts-product ts-shortcode woocommerce columns-3 style-img-large grid\" >\n\t\t\t\t\t\t\t\t<header class=\"shortcode-heading-wrapper\">\n\t\t\t\t\t<h2 class=\"shortcode-title\">Kategoriler<\/h2>\n\t\t\t\t<\/header>\n\t\t\t\t\t\t\t\t\n\t\t\t\t<div class=\"content-wrapper \">\n\t\t\t\t\t<div class=\"products\">\r\n<section class=\"product-category product first\">\n\t\n\t<div class=\"product-wrapper\">\n\n\t\t\t\t\n\t\t<a href=\"https:\/\/www.bianos.com.tr\/en\/urun-kategori\/luxury-series-en\/\">\n\t\t\t<img fetchpriority=\"high\" decoding=\"async\" src=\"https:\/\/www.bianos.com.tr\/wp-content\/uploads\/2024\/02\/luxury.png\" alt=\"Luxury Series\" width=\"600\" height=\"600\" srcset=\"https:\/\/www.bianos.com.tr\/wp-content\/uploads\/2024\/02\/luxury.png 1080w, https:\/\/www.bianos.com.tr\/wp-content\/uploads\/2024\/02\/luxury-300x300.png 300w, https:\/\/www.bianos.com.tr\/wp-content\/uploads\/2024\/02\/luxury-1024x1024.png 1024w, https:\/\/www.bianos.com.tr\/wp-content\/uploads\/2024\/02\/luxury-150x150.png 150w, https:\/\/www.bianos.com.tr\/wp-content\/uploads\/2024\/02\/luxury-768x768.png 768w, https:\/\/www.bianos.com.tr\/wp-content\/uploads\/2024\/02\/luxury-180x180.png 180w, https:\/\/www.bianos.com.tr\/wp-content\/uploads\/2024\/02\/luxury-46x46.png 46w, https:\/\/www.bianos.com.tr\/wp-content\/uploads\/2024\/02\/luxury-500x500.png 500w, https:\/\/www.bianos.com.tr\/wp-content\/uploads\/2024\/02\/luxury-700x700.png 700w, https:\/\/www.bianos.com.tr\/wp-content\/uploads\/2024\/02\/luxury-100x100.png 100w, https:\/\/www.bianos.com.tr\/wp-content\/uploads\/2024\/02\/luxury-54x54.png 54w, https:\/\/www.bianos.com.tr\/wp-content\/uploads\/2024\/02\/luxury-310x310.png 310w, https:\/\/www.bianos.com.tr\/wp-content\/uploads\/2024\/02\/luxury-80x80.png 80w\" sizes=\"(max-width: 1080px) 100vw, 1080px\" \/>\t\t<\/a>\n\t\t\n\t\t<div class=\"meta-wrapper\">\n\t\t\t<div class=\"category-name\">\n                \t\t\t\t<h3 class=\"heading-title\">\n\t\t\t\t\t<a href=\"https:\/\/www.bianos.com.tr\/en\/urun-kategori\/luxury-series-en\/\">\n\t\t\t\t\t\tLuxury Series\t\t\t\t\t<\/a>\n\t\t\t\t<\/h3>\n\t\t\t\t\t\t\t<\/div>\n\t\t\t\n\t\t\t\t\t\t\n\t\t\t\t\t\t<div class=\"shop-now-button\">\n\t\t\t\t<a href=\"https:\/\/www.bianos.com.tr\/en\/urun-kategori\/luxury-series-en\/\" class=\"button button-text\">\n\t\t\t\t\t\u0130NCELE\t\t\t\t<\/a>\n\t\t\t<\/div>\n\t\t\t\t\t<\/div>\n\t\t\n\t\t\n\t\t\t\t\n\t\t\t\t<a href=\"https:\/\/www.bianos.com.tr\/en\/urun-kategori\/luxury-series-en\/\" class=\"term-link\"><\/a>\n\t\t\t\t\n\t<\/div>\n\n<\/section><section class=\"product-category product\">\n\t\n\t<div class=\"product-wrapper\">\n\n\t\t\t\t\n\t\t<a href=\"https:\/\/www.bianos.com.tr\/en\/urun-kategori\/executive-series-executive\/\">\n\t\t\t<img decoding=\"async\" src=\"https:\/\/www.bianos.com.tr\/wp-content\/uploads\/2024\/02\/executive.png\" alt=\"Executive Series \/ Executive\" width=\"600\" height=\"600\" srcset=\"https:\/\/www.bianos.com.tr\/wp-content\/uploads\/2024\/02\/executive.png 1080w, https:\/\/www.bianos.com.tr\/wp-content\/uploads\/2024\/02\/executive-300x300.png 300w, https:\/\/www.bianos.com.tr\/wp-content\/uploads\/2024\/02\/executive-1024x1024.png 1024w, https:\/\/www.bianos.com.tr\/wp-content\/uploads\/2024\/02\/executive-150x150.png 150w, https:\/\/www.bianos.com.tr\/wp-content\/uploads\/2024\/02\/executive-768x768.png 768w, https:\/\/www.bianos.com.tr\/wp-content\/uploads\/2024\/02\/executive-180x180.png 180w, https:\/\/www.bianos.com.tr\/wp-content\/uploads\/2024\/02\/executive-46x46.png 46w, https:\/\/www.bianos.com.tr\/wp-content\/uploads\/2024\/02\/executive-500x500.png 500w, https:\/\/www.bianos.com.tr\/wp-content\/uploads\/2024\/02\/executive-700x700.png 700w, https:\/\/www.bianos.com.tr\/wp-content\/uploads\/2024\/02\/executive-100x100.png 100w, https:\/\/www.bianos.com.tr\/wp-content\/uploads\/2024\/02\/executive-54x54.png 54w, https:\/\/www.bianos.com.tr\/wp-content\/uploads\/2024\/02\/executive-310x310.png 310w, https:\/\/www.bianos.com.tr\/wp-content\/uploads\/2024\/02\/executive-80x80.png 80w\" sizes=\"(max-width: 1080px) 100vw, 1080px\" \/>\t\t<\/a>\n\t\t\n\t\t<div class=\"meta-wrapper\">\n\t\t\t<div class=\"category-name\">\n                \t\t\t\t<h3 class=\"heading-title\">\n\t\t\t\t\t<a href=\"https:\/\/www.bianos.com.tr\/en\/urun-kategori\/executive-series-executive\/\">\n\t\t\t\t\t\tExecutive Series \/ Executive\t\t\t\t\t<\/a>\n\t\t\t\t<\/h3>\n\t\t\t\t\t\t\t<\/div>\n\t\t\t\n\t\t\t\t\t\t\n\t\t\t\t\t\t<div class=\"shop-now-button\">\n\t\t\t\t<a href=\"https:\/\/www.bianos.com.tr\/en\/urun-kategori\/executive-series-executive\/\" class=\"button button-text\">\n\t\t\t\t\t\u0130NCELE\t\t\t\t<\/a>\n\t\t\t<\/div>\n\t\t\t\t\t<\/div>\n\t\t\n\t\t\n\t\t\t\t\n\t\t\t\t<a href=\"https:\/\/www.bianos.com.tr\/en\/urun-kategori\/executive-series-executive\/\" class=\"term-link\"><\/a>\n\t\t\t\t\n\t<\/div>\n\n<\/section><section class=\"product-category product last\">\n\t\n\t<div class=\"product-wrapper\">\n\n\t\t\t\t\n\t\t<a href=\"https:\/\/www.bianos.com.tr\/en\/urun-kategori\/manager-series-interim-manager\/\">\n\t\t\t<img decoding=\"async\" src=\"https:\/\/www.bianos.com.tr\/wp-content\/uploads\/2024\/02\/manager.png\" alt=\"Manager Series \/ Interim Manager\" width=\"600\" height=\"600\" srcset=\"https:\/\/www.bianos.com.tr\/wp-content\/uploads\/2024\/02\/manager.png 1080w, https:\/\/www.bianos.com.tr\/wp-content\/uploads\/2024\/02\/manager-300x300.png 300w, https:\/\/www.bianos.com.tr\/wp-content\/uploads\/2024\/02\/manager-1024x1024.png 1024w, https:\/\/www.bianos.com.tr\/wp-content\/uploads\/2024\/02\/manager-150x150.png 150w, https:\/\/www.bianos.com.tr\/wp-content\/uploads\/2024\/02\/manager-768x768.png 768w, https:\/\/www.bianos.com.tr\/wp-content\/uploads\/2024\/02\/manager-180x180.png 180w, https:\/\/www.bianos.com.tr\/wp-content\/uploads\/2024\/02\/manager-46x46.png 46w, https:\/\/www.bianos.com.tr\/wp-content\/uploads\/2024\/02\/manager-500x500.png 500w, https:\/\/www.bianos.com.tr\/wp-content\/uploads\/2024\/02\/manager-700x700.png 700w, https:\/\/www.bianos.com.tr\/wp-content\/uploads\/2024\/02\/manager-100x100.png 100w, https:\/\/www.bianos.com.tr\/wp-content\/uploads\/2024\/02\/manager-54x54.png 54w, https:\/\/www.bianos.com.tr\/wp-content\/uploads\/2024\/02\/manager-310x310.png 310w, https:\/\/www.bianos.com.tr\/wp-content\/uploads\/2024\/02\/manager-80x80.png 80w\" sizes=\"(max-width: 1080px) 100vw, 1080px\" \/>\t\t<\/a>\n\t\t\n\t\t<div class=\"meta-wrapper\">\n\t\t\t<div class=\"category-name\">\n                \t\t\t\t<h3 class=\"heading-title\">\n\t\t\t\t\t<a href=\"https:\/\/www.bianos.com.tr\/en\/urun-kategori\/manager-series-interim-manager\/\">\n\t\t\t\t\t\tManager Series \/ Interim Manager\t\t\t\t\t<\/a>\n\t\t\t\t<\/h3>\n\t\t\t\t\t\t\t<\/div>\n\t\t\t\n\t\t\t\t\t\t\n\t\t\t\t\t\t<div class=\"shop-now-button\">\n\t\t\t\t<a href=\"https:\/\/www.bianos.com.tr\/en\/urun-kategori\/manager-series-interim-manager\/\" class=\"button button-text\">\n\t\t\t\t\t\u0130NCELE\t\t\t\t<\/a>\n\t\t\t<\/div>\n\t\t\t\t\t<\/div>\n\t\t\n\t\t\n\t\t\t\t\n\t\t\t\t<a href=\"https:\/\/www.bianos.com.tr\/en\/urun-kategori\/manager-series-interim-manager\/\" class=\"term-link\"><\/a>\n\t\t\t\t\n\t<\/div>\n\n<\/section><section class=\"product-category product first\">\n\t\n\t<div class=\"product-wrapper\">\n\n\t\t\t\t\n\t\t<a href=\"https:\/\/www.bianos.com.tr\/en\/urun-kategori\/workstation-workstation\/\">\n\t\t\t<img loading=\"lazy\" decoding=\"async\" src=\"https:\/\/www.bianos.com.tr\/wp-content\/uploads\/2024\/02\/workstations.png\" alt=\"Workstation \/ Workstation\" width=\"600\" height=\"600\" srcset=\"https:\/\/www.bianos.com.tr\/wp-content\/uploads\/2024\/02\/workstations.png 1080w, https:\/\/www.bianos.com.tr\/wp-content\/uploads\/2024\/02\/workstations-300x300.png 300w, https:\/\/www.bianos.com.tr\/wp-content\/uploads\/2024\/02\/workstations-1024x1024.png 1024w, https:\/\/www.bianos.com.tr\/wp-content\/uploads\/2024\/02\/workstations-150x150.png 150w, https:\/\/www.bianos.com.tr\/wp-content\/uploads\/2024\/02\/workstations-768x768.png 768w, https:\/\/www.bianos.com.tr\/wp-content\/uploads\/2024\/02\/workstations-180x180.png 180w, https:\/\/www.bianos.com.tr\/wp-content\/uploads\/2024\/02\/workstations-46x46.png 46w, https:\/\/www.bianos.com.tr\/wp-content\/uploads\/2024\/02\/workstations-500x500.png 500w, https:\/\/www.bianos.com.tr\/wp-content\/uploads\/2024\/02\/workstations-700x700.png 700w, https:\/\/www.bianos.com.tr\/wp-content\/uploads\/2024\/02\/workstations-100x100.png 100w, https:\/\/www.bianos.com.tr\/wp-content\/uploads\/2024\/02\/workstations-54x54.png 54w, https:\/\/www.bianos.com.tr\/wp-content\/uploads\/2024\/02\/workstations-310x310.png 310w, https:\/\/www.bianos.com.tr\/wp-content\/uploads\/2024\/02\/workstations-80x80.png 80w\" sizes=\"(max-width: 1080px) 100vw, 1080px\" \/>\t\t<\/a>\n\t\t\n\t\t<div class=\"meta-wrapper\">\n\t\t\t<div class=\"category-name\">\n                \t\t\t\t<h3 class=\"heading-title\">\n\t\t\t\t\t<a href=\"https:\/\/www.bianos.com.tr\/en\/urun-kategori\/workstation-workstation\/\">\n\t\t\t\t\t\tWorkstation \/ Workstation\t\t\t\t\t<\/a>\n\t\t\t\t<\/h3>\n\t\t\t\t\t\t\t<\/div>\n\t\t\t\n\t\t\t\t\t\t\n\t\t\t\t\t\t<div class=\"shop-now-button\">\n\t\t\t\t<a href=\"https:\/\/www.bianos.com.tr\/en\/urun-kategori\/workstation-workstation\/\" class=\"button button-text\">\n\t\t\t\t\t\u0130NCELE\t\t\t\t<\/a>\n\t\t\t<\/div>\n\t\t\t\t\t<\/div>\n\t\t\n\t\t\n\t\t\t\t\n\t\t\t\t<a href=\"https:\/\/www.bianos.com.tr\/en\/urun-kategori\/workstation-workstation\/\" class=\"term-link\"><\/a>\n\t\t\t\t\n\t<\/div>\n\n<\/section><section class=\"product-category product\">\n\t\n\t<div class=\"product-wrapper\">\n\n\t\t\t\t\n\t\t<a href=\"https:\/\/www.bianos.com.tr\/en\/urun-kategori\/meeting-table\/\">\n\t\t\t<img loading=\"lazy\" decoding=\"async\" src=\"https:\/\/www.bianos.com.tr\/wp-content\/uploads\/2024\/02\/toplanti.png\" alt=\"Meeting table\" width=\"600\" height=\"600\" srcset=\"https:\/\/www.bianos.com.tr\/wp-content\/uploads\/2024\/02\/toplanti.png 1080w, https:\/\/www.bianos.com.tr\/wp-content\/uploads\/2024\/02\/toplanti-300x300.png 300w, https:\/\/www.bianos.com.tr\/wp-content\/uploads\/2024\/02\/toplanti-1024x1024.png 1024w, https:\/\/www.bianos.com.tr\/wp-content\/uploads\/2024\/02\/toplanti-150x150.png 150w, https:\/\/www.bianos.com.tr\/wp-content\/uploads\/2024\/02\/toplanti-768x768.png 768w, https:\/\/www.bianos.com.tr\/wp-content\/uploads\/2024\/02\/toplanti-180x180.png 180w, https:\/\/www.bianos.com.tr\/wp-content\/uploads\/2024\/02\/toplanti-46x46.png 46w, https:\/\/www.bianos.com.tr\/wp-content\/uploads\/2024\/02\/toplanti-500x500.png 500w, https:\/\/www.bianos.com.tr\/wp-content\/uploads\/2024\/02\/toplanti-700x700.png 700w, https:\/\/www.bianos.com.tr\/wp-content\/uploads\/2024\/02\/toplanti-100x100.png 100w, https:\/\/www.bianos.com.tr\/wp-content\/uploads\/2024\/02\/toplanti-54x54.png 54w, https:\/\/www.bianos.com.tr\/wp-content\/uploads\/2024\/02\/toplanti-310x310.png 310w, https:\/\/www.bianos.com.tr\/wp-content\/uploads\/2024\/02\/toplanti-80x80.png 80w\" sizes=\"(max-width: 1080px) 100vw, 1080px\" \/>\t\t<\/a>\n\t\t\n\t\t<div class=\"meta-wrapper\">\n\t\t\t<div class=\"category-name\">\n                \t\t\t\t<h3 class=\"heading-title\">\n\t\t\t\t\t<a href=\"https:\/\/www.bianos.com.tr\/en\/urun-kategori\/meeting-table\/\">\n\t\t\t\t\t\tMeeting table\t\t\t\t\t<\/a>\n\t\t\t\t<\/h3>\n\t\t\t\t\t\t\t<\/div>\n\t\t\t\n\t\t\t\t\t\t\n\t\t\t\t\t\t<div class=\"shop-now-button\">\n\t\t\t\t<a href=\"https:\/\/www.bianos.com.tr\/en\/urun-kategori\/meeting-table\/\" class=\"button button-text\">\n\t\t\t\t\t\u0130NCELE\t\t\t\t<\/a>\n\t\t\t<\/div>\n\t\t\t\t\t<\/div>\n\t\t\n\t\t\n\t\t\t\t\n\t\t\t\t<a href=\"https:\/\/www.bianos.com.tr\/en\/urun-kategori\/meeting-table\/\" class=\"term-link\"><\/a>\n\t\t\t\t\n\t<\/div>\n\n<\/section><section class=\"product-category product last\">\n\t\n\t<div class=\"product-wrapper\">\n\n\t\t\t\t\n\t\t<a href=\"https:\/\/www.bianos.com.tr\/en\/urun-kategori\/sofas\/\">\n\t\t\t<img loading=\"lazy\" decoding=\"async\" src=\"https:\/\/www.bianos.com.tr\/wp-content\/uploads\/2024\/02\/kanepeler.png\" alt=\"Sofas\" width=\"600\" height=\"600\" srcset=\"https:\/\/www.bianos.com.tr\/wp-content\/uploads\/2024\/02\/kanepeler.png 1080w, https:\/\/www.bianos.com.tr\/wp-content\/uploads\/2024\/02\/kanepeler-300x300.png 300w, https:\/\/www.bianos.com.tr\/wp-content\/uploads\/2024\/02\/kanepeler-1024x1024.png 1024w, https:\/\/www.bianos.com.tr\/wp-content\/uploads\/2024\/02\/kanepeler-150x150.png 150w, https:\/\/www.bianos.com.tr\/wp-content\/uploads\/2024\/02\/kanepeler-768x768.png 768w, https:\/\/www.bianos.com.tr\/wp-content\/uploads\/2024\/02\/kanepeler-180x180.png 180w, https:\/\/www.bianos.com.tr\/wp-content\/uploads\/2024\/02\/kanepeler-46x46.png 46w, https:\/\/www.bianos.com.tr\/wp-content\/uploads\/2024\/02\/kanepeler-500x500.png 500w, https:\/\/www.bianos.com.tr\/wp-content\/uploads\/2024\/02\/kanepeler-700x700.png 700w, https:\/\/www.bianos.com.tr\/wp-content\/uploads\/2024\/02\/kanepeler-100x100.png 100w, https:\/\/www.bianos.com.tr\/wp-content\/uploads\/2024\/02\/kanepeler-54x54.png 54w, https:\/\/www.bianos.com.tr\/wp-content\/uploads\/2024\/02\/kanepeler-310x310.png 310w, https:\/\/www.bianos.com.tr\/wp-content\/uploads\/2024\/02\/kanepeler-80x80.png 80w\" sizes=\"(max-width: 1080px) 100vw, 1080px\" \/>\t\t<\/a>\n\t\t\n\t\t<div class=\"meta-wrapper\">\n\t\t\t<div class=\"category-name\">\n                \t\t\t\t<h3 class=\"heading-title\">\n\t\t\t\t\t<a href=\"https:\/\/www.bianos.com.tr\/en\/urun-kategori\/sofas\/\">\n\t\t\t\t\t\tSofas\t\t\t\t\t<\/a>\n\t\t\t\t<\/h3>\n\t\t\t\t\t\t\t<\/div>\n\t\t\t\n\t\t\t\t\t\t\n\t\t\t\t\t\t<div class=\"shop-now-button\">\n\t\t\t\t<a href=\"https:\/\/www.bianos.com.tr\/en\/urun-kategori\/sofas\/\" class=\"button button-text\">\n\t\t\t\t\t\u0130NCELE\t\t\t\t<\/a>\n\t\t\t<\/div>\n\t\t\t\t\t<\/div>\n\t\t\n\t\t\n\t\t\t\t\n\t\t\t\t<a href=\"https:\/\/www.bianos.com.tr\/en\/urun-kategori\/sofas\/\" class=\"term-link\"><\/a>\n\t\t\t\t\n\t<\/div>\n\n<\/section><section class=\"product-category product first\">\n\t\n\t<div class=\"product-wrapper\">\n\n\t\t\t\t\n\t\t<a href=\"https:\/\/www.bianos.com.tr\/en\/urun-kategori\/office-chairs\/\">\n\t\t\t<img loading=\"lazy\" decoding=\"async\" src=\"https:\/\/www.bianos.com.tr\/wp-content\/uploads\/2024\/02\/Basliksiz-6a.jpg\" alt=\"Office Chairs\" width=\"600\" height=\"600\" srcset=\"https:\/\/www.bianos.com.tr\/wp-content\/uploads\/2024\/02\/Basliksiz-6a.jpg 1080w, https:\/\/www.bianos.com.tr\/wp-content\/uploads\/2024\/02\/Basliksiz-6a-300x300.jpg 300w, https:\/\/www.bianos.com.tr\/wp-content\/uploads\/2024\/02\/Basliksiz-6a-1024x1024.jpg 1024w, https:\/\/www.bianos.com.tr\/wp-content\/uploads\/2024\/02\/Basliksiz-6a-150x150.jpg 150w, https:\/\/www.bianos.com.tr\/wp-content\/uploads\/2024\/02\/Basliksiz-6a-768x768.jpg 768w, https:\/\/www.bianos.com.tr\/wp-content\/uploads\/2024\/02\/Basliksiz-6a-180x180.jpg 180w, https:\/\/www.bianos.com.tr\/wp-content\/uploads\/2024\/02\/Basliksiz-6a-46x46.jpg 46w, https:\/\/www.bianos.com.tr\/wp-content\/uploads\/2024\/02\/Basliksiz-6a-500x500.jpg 500w, https:\/\/www.bianos.com.tr\/wp-content\/uploads\/2024\/02\/Basliksiz-6a-700x700.jpg 700w, https:\/\/www.bianos.com.tr\/wp-content\/uploads\/2024\/02\/Basliksiz-6a-100x100.jpg 100w, https:\/\/www.bianos.com.tr\/wp-content\/uploads\/2024\/02\/Basliksiz-6a-54x54.jpg 54w, https:\/\/www.bianos.com.tr\/wp-content\/uploads\/2024\/02\/Basliksiz-6a-310x310.jpg 310w, https:\/\/www.bianos.com.tr\/wp-content\/uploads\/2024\/02\/Basliksiz-6a-80x80.jpg 80w\" sizes=\"(max-width: 1080px) 100vw, 1080px\" \/>\t\t<\/a>\n\t\t\n\t\t<div class=\"meta-wrapper\">\n\t\t\t<div class=\"category-name\">\n                \t\t\t\t<h3 class=\"heading-title\">\n\t\t\t\t\t<a href=\"https:\/\/www.bianos.com.tr\/en\/urun-kategori\/office-chairs\/\">\n\t\t\t\t\t\tOffice Chairs\t\t\t\t\t<\/a>\n\t\t\t\t<\/h3>\n\t\t\t\t\t\t\t<\/div>\n\t\t\t\n\t\t\t\t\t\t\n\t\t\t\t\t\t<div class=\"shop-now-button\">\n\t\t\t\t<a href=\"https:\/\/www.bianos.com.tr\/en\/urun-kategori\/office-chairs\/\" class=\"button button-text\">\n\t\t\t\t\t\u0130NCELE\t\t\t\t<\/a>\n\t\t\t<\/div>\n\t\t\t\t\t<\/div>\n\t\t\n\t\t\n\t\t\t\t\n\t\t\t\t<a href=\"https:\/\/www.bianos.com.tr\/en\/urun-kategori\/office-chairs\/\" class=\"term-link\"><\/a>\n\t\t\t\t\n\t<\/div>\n\n<\/section><section class=\"product-category product\">\n\t\n\t<div class=\"product-wrapper\">\n\n\t\t\t\t\n\t\t<a href=\"https:\/\/www.bianos.com.tr\/en\/urun-kategori\/armchairs\/\">\n\t\t\t<img loading=\"lazy\" decoding=\"async\" src=\"https:\/\/www.bianos.com.tr\/wp-content\/uploads\/2024\/02\/berjers.png\" alt=\"Armchairs\" width=\"600\" height=\"600\" srcset=\"https:\/\/www.bianos.com.tr\/wp-content\/uploads\/2024\/02\/berjers.png 1080w, https:\/\/www.bianos.com.tr\/wp-content\/uploads\/2024\/02\/berjers-300x300.png 300w, https:\/\/www.bianos.com.tr\/wp-content\/uploads\/2024\/02\/berjers-1024x1024.png 1024w, https:\/\/www.bianos.com.tr\/wp-content\/uploads\/2024\/02\/berjers-150x150.png 150w, https:\/\/www.bianos.com.tr\/wp-content\/uploads\/2024\/02\/berjers-768x768.png 768w, https:\/\/www.bianos.com.tr\/wp-content\/uploads\/2024\/02\/berjers-180x180.png 180w, https:\/\/www.bianos.com.tr\/wp-content\/uploads\/2024\/02\/berjers-46x46.png 46w, https:\/\/www.bianos.com.tr\/wp-content\/uploads\/2024\/02\/berjers-500x500.png 500w, https:\/\/www.bianos.com.tr\/wp-content\/uploads\/2024\/02\/berjers-700x700.png 700w, https:\/\/www.bianos.com.tr\/wp-content\/uploads\/2024\/02\/berjers-100x100.png 100w, https:\/\/www.bianos.com.tr\/wp-content\/uploads\/2024\/02\/berjers-54x54.png 54w, https:\/\/www.bianos.com.tr\/wp-content\/uploads\/2024\/02\/berjers-310x310.png 310w, https:\/\/www.bianos.com.tr\/wp-content\/uploads\/2024\/02\/berjers-80x80.png 80w\" sizes=\"(max-width: 1080px) 100vw, 1080px\" \/>\t\t<\/a>\n\t\t\n\t\t<div class=\"meta-wrapper\">\n\t\t\t<div class=\"category-name\">\n                \t\t\t\t<h3 class=\"heading-title\">\n\t\t\t\t\t<a href=\"https:\/\/www.bianos.com.tr\/en\/urun-kategori\/armchairs\/\">\n\t\t\t\t\t\tArmchairs\t\t\t\t\t<\/a>\n\t\t\t\t<\/h3>\n\t\t\t\t\t\t\t<\/div>\n\t\t\t\n\t\t\t\t\t\t\n\t\t\t\t\t\t<div class=\"shop-now-button\">\n\t\t\t\t<a href=\"https:\/\/www.bianos.com.tr\/en\/urun-kategori\/armchairs\/\" class=\"button button-text\">\n\t\t\t\t\t\u0130NCELE\t\t\t\t<\/a>\n\t\t\t<\/div>\n\t\t\t\t\t<\/div>\n\t\t\n\t\t\n\t\t\t\t\n\t\t\t\t<a href=\"https:\/\/www.bianos.com.tr\/en\/urun-kategori\/armchairs\/\" class=\"term-link\"><\/a>\n\t\t\t\t\n\t<\/div>\n\n<\/section><section class=\"product-category product last\">\n\t\n\t<div class=\"product-wrapper\">\n\n\t\t\t\t\n\t\t<a href=\"https:\/\/www.bianos.com.tr\/en\/urun-kategori\/accessories\/\">\n\t\t\t<img loading=\"lazy\" decoding=\"async\" src=\"https:\/\/www.bianos.com.tr\/wp-content\/uploads\/2024\/02\/treegenel-1.png\" alt=\"Accessories\" width=\"600\" height=\"600\" srcset=\"https:\/\/www.bianos.com.tr\/wp-content\/uploads\/2024\/02\/treegenel-1.png 1080w, https:\/\/www.bianos.com.tr\/wp-content\/uploads\/2024\/02\/treegenel-1-300x300.png 300w, https:\/\/www.bianos.com.tr\/wp-content\/uploads\/2024\/02\/treegenel-1-1024x1024.png 1024w, https:\/\/www.bianos.com.tr\/wp-content\/uploads\/2024\/02\/treegenel-1-150x150.png 150w, https:\/\/www.bianos.com.tr\/wp-content\/uploads\/2024\/02\/treegenel-1-768x768.png 768w, https:\/\/www.bianos.com.tr\/wp-content\/uploads\/2024\/02\/treegenel-1-180x180.png 180w, https:\/\/www.bianos.com.tr\/wp-content\/uploads\/2024\/02\/treegenel-1-46x46.png 46w, https:\/\/www.bianos.com.tr\/wp-content\/uploads\/2024\/02\/treegenel-1-500x500.png 500w, https:\/\/www.bianos.com.tr\/wp-content\/uploads\/2024\/02\/treegenel-1-700x700.png 700w, https:\/\/www.bianos.com.tr\/wp-content\/uploads\/2024\/02\/treegenel-1-100x100.png 100w, https:\/\/www.bianos.com.tr\/wp-content\/uploads\/2024\/02\/treegenel-1-54x54.png 54w, https:\/\/www.bianos.com.tr\/wp-content\/uploads\/2024\/02\/treegenel-1-310x310.png 310w, https:\/\/www.bianos.com.tr\/wp-content\/uploads\/2024\/02\/treegenel-1-80x80.png 80w\" sizes=\"(max-width: 1080px) 100vw, 1080px\" \/>\t\t<\/a>\n\t\t\n\t\t<div class=\"meta-wrapper\">\n\t\t\t<div class=\"category-name\">\n                \t\t\t\t<h3 class=\"heading-title\">\n\t\t\t\t\t<a href=\"https:\/\/www.bianos.com.tr\/en\/urun-kategori\/accessories\/\">\n\t\t\t\t\t\tAccessories\t\t\t\t\t<\/a>\n\t\t\t\t<\/h3>\n\t\t\t\t\t\t\t<\/div>\n\t\t\t\n\t\t\t\t\t\t\n\t\t\t\t\t\t<div class=\"shop-now-button\">\n\t\t\t\t<a href=\"https:\/\/www.bianos.com.tr\/en\/urun-kategori\/accessories\/\" class=\"button button-text\">\n\t\t\t\t\t\u0130NCELE\t\t\t\t<\/a>\n\t\t\t<\/div>\n\t\t\t\t\t<\/div>\n\t\t\n\t\t\n\t\t\t\t\n\t\t\t\t<a href=\"https:\/\/www.bianos.com.tr\/en\/urun-kategori\/accessories\/\" class=\"term-link\"><\/a>\n\t\t\t\t\n\t<\/div>\n\n<\/section><section class=\"product-category product first\">\n\t\n\t<div class=\"product-wrapper\">\n\n\t\t\t\t\n\t\t<a href=\"https:\/\/www.bianos.com.tr\/en\/urun-kategori\/complementary-products\/\">\n\t\t\t<img loading=\"lazy\" decoding=\"async\" src=\"https:\/\/www.bianos.com.tr\/wp-content\/uploads\/2024\/02\/kesongenel-1.png\" alt=\"Complementary Products\" width=\"600\" height=\"600\" srcset=\"https:\/\/www.bianos.com.tr\/wp-content\/uploads\/2024\/02\/kesongenel-1.png 1080w, https:\/\/www.bianos.com.tr\/wp-content\/uploads\/2024\/02\/kesongenel-1-300x300.png 300w, https:\/\/www.bianos.com.tr\/wp-content\/uploads\/2024\/02\/kesongenel-1-1024x1024.png 1024w, https:\/\/www.bianos.com.tr\/wp-content\/uploads\/2024\/02\/kesongenel-1-150x150.png 150w, https:\/\/www.bianos.com.tr\/wp-content\/uploads\/2024\/02\/kesongenel-1-768x768.png 768w, https:\/\/www.bianos.com.tr\/wp-content\/uploads\/2024\/02\/kesongenel-1-180x180.png 180w, https:\/\/www.bianos.com.tr\/wp-content\/uploads\/2024\/02\/kesongenel-1-46x46.png 46w, https:\/\/www.bianos.com.tr\/wp-content\/uploads\/2024\/02\/kesongenel-1-500x500.png 500w, https:\/\/www.bianos.com.tr\/wp-content\/uploads\/2024\/02\/kesongenel-1-700x700.png 700w, https:\/\/www.bianos.com.tr\/wp-content\/uploads\/2024\/02\/kesongenel-1-100x100.png 100w, https:\/\/www.bianos.com.tr\/wp-content\/uploads\/2024\/02\/kesongenel-1-54x54.png 54w, https:\/\/www.bianos.com.tr\/wp-content\/uploads\/2024\/02\/kesongenel-1-310x310.png 310w, https:\/\/www.bianos.com.tr\/wp-content\/uploads\/2024\/02\/kesongenel-1-80x80.png 80w\" sizes=\"(max-width: 1080px) 100vw, 1080px\" \/>\t\t<\/a>\n\t\t\n\t\t<div class=\"meta-wrapper\">\n\t\t\t<div class=\"category-name\">\n                \t\t\t\t<h3 class=\"heading-title\">\n\t\t\t\t\t<a href=\"https:\/\/www.bianos.com.tr\/en\/urun-kategori\/complementary-products\/\">\n\t\t\t\t\t\tComplementary Products\t\t\t\t\t<\/a>\n\t\t\t\t<\/h3>\n\t\t\t\t\t\t\t<\/div>\n\t\t\t\n\t\t\t\t\t\t\n\t\t\t\t\t\t<div class=\"shop-now-button\">\n\t\t\t\t<a href=\"https:\/\/www.bianos.com.tr\/en\/urun-kategori\/complementary-products\/\" class=\"button button-text\">\n\t\t\t\t\t\u0130NCELE\t\t\t\t<\/a>\n\t\t\t<\/div>\n\t\t\t\t\t<\/div>\n\t\t\n\t\t\n\t\t\t\t\n\t\t\t\t<a href=\"https:\/\/www.bianos.com.tr\/en\/urun-kategori\/complementary-products\/\" class=\"term-link\"><\/a>\n\t\t\t\t\n\t<\/div>\n\n<\/section><\/div>\t\t\t\t<\/div>\n\t\t\t<\/div>\n\t\t\t\t<\/div>\n\t\t\t\t<\/div>\n\t\t\t\t\t<\/div>\n\t\t\t\t<\/div>\n\t\t\t\t<\/div>\n\t\t","protected":false},"excerpt":{"rendered":"<p>Kategoriler Luxury Series \u0130NCELE Executive Series \/ Y\u00f6netici \u0130NCELE Manager Series \/ Ara Y\u00f6netici \u0130NCELE Workstation \/ \u00c7al\u0131\u015fma \u0130stasyonu \u0130NCELE Toplant\u0131 Masas\u0131 \u0130NCELE Kanepeler \u0130NCELE \u00c7al\u0131\u015fma Koltuklar\u0131 \u0130NCELE Berjerler \u0130NCELE Aksesuarlar \u0130NCELE Tamamlay\u0131c\u0131 \u00dcr\u00fcnler \u0130NCELE<\/p>\n","protected":false},"author":7,"featured_media":0,"parent":0,"menu_order":0,"comment_status":"closed","ping_status":"closed","template":"elementor_header_footer","meta":{"om_disable_all_campaigns":false,"_monsterinsights_skip_tracking":false,"_monsterinsights_sitenote_active":false,"_monsterinsights_sitenote_note":"","_monsterinsights_sitenote_category":0,"footnotes":""},"class_list":["post-12471","page","type-page","status-publish","hentry"],"aioseo_notices":[],"_links":{"self":[{"href":"https:\/\/www.bianos.com.tr\/en\/wp-json\/wp\/v2\/pages\/12471","targetHints":{"allow":["GET"]}}],"collection":[{"href":"https:\/\/www.bianos.com.tr\/en\/wp-json\/wp\/v2\/pages"}],"about":[{"href":"https:\/\/www.bianos.com.tr\/en\/wp-json\/wp\/v2\/types\/page"}],"author":[{"embeddable":true,"href":"https:\/\/www.bianos.com.tr\/en\/wp-json\/wp\/v2\/users\/7"}],"replies":[{"embeddable":true,"href":"https:\/\/www.bianos.com.tr\/en\/wp-json\/wp\/v2\/comments?post=12471"}],"version-history":[{"count":24,"href":"https:\/\/www.bianos.com.tr\/en\/wp-json\/wp\/v2\/pages\/12471\/revisions"}],"predecessor-version":[{"id":37860,"href":"https:\/\/www.bianos.com.tr\/en\/wp-json\/wp\/v2\/pages\/12471\/revisions\/37860"}],"wp:attachment":[{"href":"https:\/\/www.bianos.com.tr\/en\/wp-json\/wp\/v2\/media?parent=12471"}],"curies":[{"name":"wp","href":"https:\/\/api.w.org\/{rel}","templated":true}]}}