{"id":16551,"date":"2024-02-05T06:15:47","date_gmt":"2024-02-05T06:15:47","guid":{"rendered":"https:\/\/www.bianos.com.tr\/test1\/"},"modified":"2024-02-22T12:06:06","modified_gmt":"2024-02-22T12:06:06","slug":"test1","status":"publish","type":"page","link":"https:\/\/www.bianos.com.tr\/en\/test1\/","title":{"rendered":"Sources"},"content":{"rendered":"\t\t<div data-elementor-type=\"wp-page\" data-elementor-id=\"16551\" class=\"elementor elementor-16551 elementor-16542\">\n\t\t\t\t<div class=\"elementor-element elementor-element-36334bcd e-con-full e-flex e-con e-parent\" data-id=\"36334bcd\" data-element_type=\"container\" data-settings=\"{&quot;content_width&quot;:&quot;full&quot;}\" data-core-v316-plus=\"true\">\n\t\t<div class=\"elementor-element elementor-element-fddb462 e-con-full e-flex e-con e-child\" data-id=\"fddb462\" data-element_type=\"container\" data-settings=\"{&quot;content_width&quot;:&quot;full&quot;}\">\n\t\t\t\t<div class=\"elementor-element elementor-element-367c933 elementor-hidden-tablet_extra elementor-hidden-tablet elementor-hidden-mobile elementor-widget elementor-widget-image\" data-id=\"367c933\" data-element_type=\"widget\" data-widget_type=\"image.default\">\n\t\t\t\t<div class=\"elementor-widget-container\">\n\t\t\t\t\t\t\t\t\t\t\t\t\t<img decoding=\"async\" src=\"https:\/\/www.bianos.com.tr\/wp-content\/uploads\/elementor\/thumbs\/kaynaklar3-qk6ld32s20qaovqflcj8im3pzkudwfkw5itc9zxwhw.png\" title=\"kaynaklar3\" alt=\"kaynaklar3\" loading=\"lazy\" \/>\t\t\t\t\t\t\t\t\t\t\t\t\t<\/div>\n\t\t\t\t<\/div>\n\t\t\t\t<\/div>\n\t\t\t\t<div class=\"elementor-element elementor-element-1b5dea3c elementor-widget elementor-widget-text-editor\" data-id=\"1b5dea3c\" data-element_type=\"widget\" data-widget_type=\"text-editor.default\">\n\t\t\t\t<div class=\"elementor-widget-container\">\n\t\t\t\t\t\t\t\t\t\t\t\t\t<\/div>\n\t\t\t\t<\/div>\n\t\t\t\t<\/div>\n\t\t<div class=\"elementor-element elementor-element-6c9bc6a e-flex e-con-boxed e-con e-parent\" data-id=\"6c9bc6a\" data-element_type=\"container\" data-settings=\"{&quot;content_width&quot;:&quot;boxed&quot;}\" data-core-v316-plus=\"true\">\n\t\t\t\t\t<div class=\"e-con-inner\">\n\t\t\t\t<div class=\"elementor-element elementor-element-ea88e9d elementor-widget elementor-widget-text-editor\" data-id=\"ea88e9d\" data-element_type=\"widget\" data-widget_type=\"text-editor.default\">\n\t\t\t\t<div class=\"elementor-widget-container\">\n\t\t\t\t\t\t\t<p><div class=\"_df_thumb \" id=\"df_16557\"  _slug=\"bianos-2024-katalog\" data-title=\"bianos-2024-katalog\" wpoptions=\"true\" thumb=\"https:\/\/www.bianos.com.tr\/wp-content\/uploads\/2024\/02\/Varlik-1.png\" thumbtype=\"\" >BIANOS 2024 KATALOG<\/div><script class=\"df-shortcode-script\" nowprocket type=\"application\/javascript\">window.option_df_16557 = {\"outline\":[],\"autoEnableOutline\":\"false\",\"autoEnableThumbnail\":\"false\",\"overwritePDFOutline\":\"false\",\"direction\":\"1\",\"pageSize\":\"0\",\"source\":\"https:\\\/\\\/www.bianos.com.tr\\\/wp-content\\\/uploads\\\/2024\\\/02\\\/BIANOS-KATALOG_DUSUK.pdf\",\"wpOptions\":\"true\"}; if(window.DFLIP && window.DFLIP.parseBooks){window.DFLIP.parseBooks();}<\/script> <div class=\"_df_thumb \" id=\"df_18204\"  _slug=\"bianos-2024-brosur\" data-title=\"bianos-2024-brosur\" wpoptions=\"true\" thumb=\"https:\/\/www.bianos.com.tr\/wp-content\/uploads\/2024\/02\/Varlik-1-1.png\" thumbtype=\"\" >B\u0130ANOS 2024 BRO\u015e\u00dcR<\/div><script class=\"df-shortcode-script\" nowprocket type=\"application\/javascript\">window.option_df_18204 = {\"outline\":[],\"autoEnableOutline\":\"false\",\"autoEnableThumbnail\":\"false\",\"overwritePDFOutline\":\"false\",\"direction\":\"1\",\"pageSize\":\"0\",\"source\":\"https:\\\/\\\/www.bianos.com.tr\\\/wp-content\\\/uploads\\\/2024\\\/02\\\/BIANOS-2024-BROSUR.pdf\",\"wpOptions\":\"true\"}; if(window.DFLIP && window.DFLIP.parseBooks){window.DFLIP.parseBooks();}<\/script> <div class=\"_df_thumb \" id=\"df_18233\"  _slug=\"bianos-2024-fileli-koltuk-brosur\" data-title=\"bianos-2024-fileli-koltuk-brosur\" wpoptions=\"true\" thumb=\"https:\/\/www.bianos.com.tr\/wp-content\/uploads\/2024\/02\/Varlik-2.png\" thumbtype=\"\" >BIANOS 2024 FILELI KOLTUK BROSUR<\/div><script class=\"df-shortcode-script\" nowprocket type=\"application\/javascript\">window.option_df_18233 = {\"outline\":[],\"autoEnableOutline\":\"false\",\"autoEnableThumbnail\":\"false\",\"overwritePDFOutline\":\"false\",\"enableDownload\":\"false\",\"direction\":\"1\",\"pageSize\":\"0\",\"soundEnable\":\"true\",\"source\":\"https:\\\/\\\/www.bianos.com.tr\\\/wp-content\\\/uploads\\\/2024\\\/02\\\/BIANOS-2024-FILELI-KOLTUK-BROSUR.pdf\",\"wpOptions\":\"true\"}; if(window.DFLIP && window.DFLIP.parseBooks){window.DFLIP.parseBooks();}<\/script><\/p>\n\t\t\t\t\t\t<\/div>\n\t\t\t\t<\/div>\n\t\t\t\t\t<\/div>\n\t\t\t\t<\/div>\n\t\t\t\t<\/div>\n\t\t","protected":false},"excerpt":{"rendered":"","protected":false},"author":8,"featured_media":0,"parent":0,"menu_order":0,"comment_status":"closed","ping_status":"closed","template":"","meta":{"om_disable_all_campaigns":false,"_monsterinsights_skip_tracking":false,"_monsterinsights_sitenote_active":false,"_monsterinsights_sitenote_note":"","_monsterinsights_sitenote_category":0,"footnotes":""},"class_list":["post-16551","page","type-page","status-publish","hentry"],"aioseo_notices":[],"_links":{"self":[{"href":"https:\/\/www.bianos.com.tr\/en\/wp-json\/wp\/v2\/pages\/16551","targetHints":{"allow":["GET"]}}],"collection":[{"href":"https:\/\/www.bianos.com.tr\/en\/wp-json\/wp\/v2\/pages"}],"about":[{"href":"https:\/\/www.bianos.com.tr\/en\/wp-json\/wp\/v2\/types\/page"}],"author":[{"embeddable":true,"href":"https:\/\/www.bianos.com.tr\/en\/wp-json\/wp\/v2\/users\/8"}],"replies":[{"embeddable":true,"href":"https:\/\/www.bianos.com.tr\/en\/wp-json\/wp\/v2\/comments?post=16551"}],"version-history":[{"count":9,"href":"https:\/\/www.bianos.com.tr\/en\/wp-json\/wp\/v2\/pages\/16551\/revisions"}],"predecessor-version":[{"id":24206,"href":"https:\/\/www.bianos.com.tr\/en\/wp-json\/wp\/v2\/pages\/16551\/revisions\/24206"}],"wp:attachment":[{"href":"https:\/\/www.bianos.com.tr\/en\/wp-json\/wp\/v2\/media?parent=16551"}],"curies":[{"name":"wp","href":"https:\/\/api.w.org\/{rel}","templated":true}]}}