{"id":18459,"date":"2024-02-12T12:20:39","date_gmt":"2024-02-12T12:20:39","guid":{"rendered":"https:\/\/www.bianos.com.tr\/team\/"},"modified":"2024-02-12T12:20:40","modified_gmt":"2024-02-12T12:20:40","slug":"team","status":"publish","type":"page","link":"https:\/\/www.bianos.com.tr\/en\/team\/","title":{"rendered":"team"},"content":{"rendered":"\t\t<div data-elementor-type=\"wp-page\" data-elementor-id=\"18459\" class=\"elementor elementor-18459 elementor-18440\">\n\t\t\t\t<div class=\"elementor-element elementor-element-7f01b24b e-flex e-con-boxed e-con e-parent\" data-id=\"7f01b24b\" data-element_type=\"container\" data-settings=\"{&quot;content_width&quot;:&quot;boxed&quot;}\" data-core-v316-plus=\"true\">\n\t\t\t\t\t<div class=\"e-con-inner\">\n\t\t\t\t<div class=\"elementor-element elementor-element-1faa9503 elementor-widget elementor-widget-heading\" data-id=\"1faa9503\" data-element_type=\"widget\" data-widget_type=\"heading.default\">\n\t\t\t\t<div class=\"elementor-widget-container\">\n\t\t\t<h4 class=\"elementor-heading-title elementor-size-default\">DESIGNERS<\/h4>\t\t<\/div>\n\t\t\t\t<\/div>\n\t\t\t\t<div class=\"elementor-element elementor-element-4d4c6f72 elementor-widget elementor-widget-ts-team-members\" data-id=\"4d4c6f72\" data-element_type=\"widget\" data-widget_type=\"ts-team-members.default\">\n\t\t\t\t<div class=\"elementor-widget-container\">\n\t\t\t\t\t\t<div class=\"ts-team-members ts-shortcode columns-4\" >\n\t\t\t\t<div class=\"items \">\n\t\t\t\t\t\t\t<div class=\"item has-thumbnail\">\n\t\t\t\t\t<div class=\"team-content\">\n\t\t\t\t\t\t<div class=\"image-thumbnail\">\n\t\t\t\t\t\t\t\t\t\t\t\t\t\t<figure>\n\t\t\t\t\t\t\t\t<a href=\"#\" target=\"_blank\">\n\t\t\t\t\t\t\t\t<img decoding=\"async\" width=\"253\" height=\"165\" src=\"https:\/\/www.bianos.com.tr\/wp-content\/uploads\/2021\/04\/Varlik-3.png\" class=\"attachment-ts_team_thumb size-ts_team_thumb wp-post-image\" alt=\"\" \/>\t\t\t\t\t\t\t\t<\/a>\n\t\t\t\t\t\t\t<\/figure>\n\t\t\t\t\t\t\t\t\t\t\t\t\t\t\n\t\t\t\t\t\t\t\t\t\t\t\t\t\t\n\t\t\t\t\t\t<\/div>\n\t\t\t\t\t\t\n\t\t\t\t\t\t<header class=\"team-info\">\n\t\t\t\t\t\t\t<span class=\"member-role\"><\/span>\n\t\t\t\t\t\t\t<h3 class=\"name\"><a href=\"#\" target=\"_blank\">Oguzhan Kilic<\/a><\/h3>\n\t\t\t\t\t\t<\/header>\n\t\t\t\t\t<\/div>\n\t\t\t\t<\/div>\n\t\t\t\t\t\t\t\t<div class=\"item has-thumbnail\">\n\t\t\t\t\t<div class=\"team-content\">\n\t\t\t\t\t\t<div class=\"image-thumbnail\">\n\t\t\t\t\t\t\t\t\t\t\t\t\t\t<figure>\n\t\t\t\t\t\t\t\t<a href=\"#\" target=\"_blank\">\n\t\t\t\t\t\t\t\t<img decoding=\"async\" width=\"253\" height=\"165\" src=\"https:\/\/www.bianos.com.tr\/wp-content\/uploads\/2021\/04\/Varlik-2.png\" class=\"attachment-ts_team_thumb size-ts_team_thumb wp-post-image\" alt=\"\" \/>\t\t\t\t\t\t\t\t<\/a>\n\t\t\t\t\t\t\t<\/figure>\n\t\t\t\t\t\t\t\t\t\t\t\t\t\t\n\t\t\t\t\t\t\t\t\t\t\t\t\t\t\n\t\t\t\t\t\t<\/div>\n\t\t\t\t\t\t\n\t\t\t\t\t\t<header class=\"team-info\">\n\t\t\t\t\t\t\t<span class=\"member-role\"><\/span>\n\t\t\t\t\t\t\t<h3 class=\"name\"><a href=\"#\" target=\"_blank\">Ozan Sinan T\u0131\u011fl\u0131o\u011flu<\/a><\/h3>\n\t\t\t\t\t\t<\/header>\n\t\t\t\t\t<\/div>\n\t\t\t\t<\/div>\n\t\t\t\t\t\t\t\t<div class=\"item has-thumbnail\">\n\t\t\t\t\t<div class=\"team-content\">\n\t\t\t\t\t\t<div class=\"image-thumbnail\">\n\t\t\t\t\t\t\t\t\t\t\t\t\t\t<figure>\n\t\t\t\t\t\t\t\t<a href=\"#\" target=\"_blank\">\n\t\t\t\t\t\t\t\t<img decoding=\"async\" width=\"253\" height=\"165\" src=\"https:\/\/www.bianos.com.tr\/wp-content\/uploads\/2021\/04\/Varlik-4.png\" class=\"attachment-ts_team_thumb size-ts_team_thumb wp-post-image\" alt=\"\" \/>\t\t\t\t\t\t\t\t<\/a>\n\t\t\t\t\t\t\t<\/figure>\n\t\t\t\t\t\t\t\t\t\t\t\t\t\t\n\t\t\t\t\t\t\t\t\t\t\t\t\t\t\n\t\t\t\t\t\t<\/div>\n\t\t\t\t\t\t\n\t\t\t\t\t\t<header class=\"team-info\">\n\t\t\t\t\t\t\t<span class=\"member-role\"><\/span>\n\t\t\t\t\t\t\t<h3 class=\"name\"><a href=\"#\" target=\"_blank\">Klan Studio<\/a><\/h3>\n\t\t\t\t\t\t<\/header>\n\t\t\t\t\t<\/div>\n\t\t\t\t<\/div>\n\t\t\t\t\t\t\t\t<div class=\"item has-thumbnail\">\n\t\t\t\t\t<div class=\"team-content\">\n\t\t\t\t\t\t<div class=\"image-thumbnail\">\n\t\t\t\t\t\t\t\t\t\t\t\t\t\t<figure>\n\t\t\t\t\t\t\t\t<a href=\"#\" target=\"_blank\">\n\t\t\t\t\t\t\t\t<img loading=\"lazy\" decoding=\"async\" width=\"253\" height=\"165\" src=\"https:\/\/www.bianos.com.tr\/wp-content\/uploads\/2021\/04\/Varlik-1.png\" class=\"attachment-ts_team_thumb size-ts_team_thumb wp-post-image\" alt=\"\" \/>\t\t\t\t\t\t\t\t<\/a>\n\t\t\t\t\t\t\t<\/figure>\n\t\t\t\t\t\t\t\t\t\t\t\t\t\t\n\t\t\t\t\t\t\t\t\t\t\t\t\t\t\n\t\t\t\t\t\t<\/div>\n\t\t\t\t\t\t\n\t\t\t\t\t\t<header class=\"team-info\">\n\t\t\t\t\t\t\t<span class=\"member-role\"><\/span>\n\t\t\t\t\t\t\t<h3 class=\"name\"><a href=\"#\" target=\"_blank\">Studio Bianos<\/a><\/h3>\n\t\t\t\t\t\t<\/header>\n\t\t\t\t\t<\/div>\n\t\t\t\t<\/div>\n\t\t\t\t\t\t\t\t<\/div>\n\t\t\t<\/div>\n\t\t\t\t\t<\/div>\n\t\t\t\t<\/div>\n\t\t\t\t\t<\/div>\n\t\t\t\t<\/div>\n\t\t\t\t<\/div>\n\t\t","protected":false},"excerpt":{"rendered":"<p>DESIGNERS Tasar\u0131mc\u0131 Klan Studio Tasar\u0131mc\u0131 O\u011fuzhan K\u0131l\u0131\u00e7 Tasar\u0131mc\u0131 Ozan Sinan T\u0131\u011fl\u0131o\u011flu Tasar\u0131m Ekibi St\u00fcdyo Bianos<\/p>\n","protected":false},"author":7,"featured_media":0,"parent":0,"menu_order":0,"comment_status":"closed","ping_status":"closed","template":"","meta":{"om_disable_all_campaigns":false,"_monsterinsights_skip_tracking":false,"_monsterinsights_sitenote_active":false,"_monsterinsights_sitenote_note":"","_monsterinsights_sitenote_category":0,"footnotes":""},"class_list":["post-18459","page","type-page","status-publish","hentry"],"aioseo_notices":[],"_links":{"self":[{"href":"https:\/\/www.bianos.com.tr\/en\/wp-json\/wp\/v2\/pages\/18459","targetHints":{"allow":["GET"]}}],"collection":[{"href":"https:\/\/www.bianos.com.tr\/en\/wp-json\/wp\/v2\/pages"}],"about":[{"href":"https:\/\/www.bianos.com.tr\/en\/wp-json\/wp\/v2\/types\/page"}],"author":[{"embeddable":true,"href":"https:\/\/www.bianos.com.tr\/en\/wp-json\/wp\/v2\/users\/7"}],"replies":[{"embeddable":true,"href":"https:\/\/www.bianos.com.tr\/en\/wp-json\/wp\/v2\/comments?post=18459"}],"version-history":[{"count":2,"href":"https:\/\/www.bianos.com.tr\/en\/wp-json\/wp\/v2\/pages\/18459\/revisions"}],"predecessor-version":[{"id":18463,"href":"https:\/\/www.bianos.com.tr\/en\/wp-json\/wp\/v2\/pages\/18459\/revisions\/18463"}],"wp:attachment":[{"href":"https:\/\/www.bianos.com.tr\/en\/wp-json\/wp\/v2\/media?parent=18459"}],"curies":[{"name":"wp","href":"https:\/\/api.w.org\/{rel}","templated":true}]}}