{"id":45380,"date":"2025-03-21T09:53:18","date_gmt":"2025-03-21T09:53:18","guid":{"rendered":"https:\/\/www.bianos.com.tr\/?post_type=product&#038;p=45380"},"modified":"2025-03-21T09:53:18","modified_gmt":"2025-03-21T09:53:18","slug":"lumo-moduler-koltuk-takimi","status":"publish","type":"product","link":"https:\/\/www.bianos.com.tr\/en\/urun\/lumo-moduler-koltuk-takimi\/","title":{"rendered":"Lumo Mod\u00fcler Koltuk Tak\u0131m\u0131"},"content":{"rendered":"","protected":false},"excerpt":{"rendered":"","protected":false},"featured_media":45381,"template":"","meta":{"om_disable_all_campaigns":false,"_monsterinsights_skip_tracking":false,"_monsterinsights_sitenote_active":false,"_monsterinsights_sitenote_note":"","_monsterinsights_sitenote_category":0},"product_cat":[121],"product_tag":[],"class_list":{"0":"post-45380","1":"product","2":"type-product","3":"status-publish","4":"has-post-thumbnail","6":"product_cat-urun-kategori-kanepe","8":"first","9":"instock","10":"shipping-taxable","11":"product-type-simple","12":"add-to-wishlist-after_add_to_cart"},"aioseo_notices":[],"_links":{"self":[{"href":"https:\/\/www.bianos.com.tr\/en\/wp-json\/wp\/v2\/product\/45380","targetHints":{"allow":["GET"]}}],"collection":[{"href":"https:\/\/www.bianos.com.tr\/en\/wp-json\/wp\/v2\/product"}],"about":[{"href":"https:\/\/www.bianos.com.tr\/en\/wp-json\/wp\/v2\/types\/product"}],"wp:featuredmedia":[{"embeddable":true,"href":"https:\/\/www.bianos.com.tr\/en\/wp-json\/wp\/v2\/media\/45381"}],"wp:attachment":[{"href":"https:\/\/www.bianos.com.tr\/en\/wp-json\/wp\/v2\/media?parent=45380"}],"wp:term":[{"taxonomy":"product_cat","embeddable":true,"href":"https:\/\/www.bianos.com.tr\/en\/wp-json\/wp\/v2\/product_cat?post=45380"},{"taxonomy":"product_tag","embeddable":true,"href":"https:\/\/www.bianos.com.tr\/en\/wp-json\/wp\/v2\/product_tag?post=45380"}],"curies":[{"name":"wp","href":"https:\/\/api.w.org\/{rel}","templated":true}]}}